{"id":27277,"date":"2025-05-22T13:29:46","date_gmt":"2025-05-22T13:29:46","guid":{"rendered":"https:\/\/ucpinaret.com.tr\/?page_id=27277"},"modified":"2025-05-22T13:43:39","modified_gmt":"2025-05-22T13:43:39","slug":"afyon-kurbanlik","status":"publish","type":"page","link":"https:\/\/ucpinaret.com.tr\/?page_id=27277","title":{"rendered":"Afyon Kurbanl\u0131k"},"content":{"rendered":"\t\t<div data-elementor-type=\"wp-page\" data-elementor-id=\"27277\" class=\"elementor elementor-27277\">\n\t\t\t\t\t\t<section class=\"wd-negative-gap elementor-section elementor-top-section elementor-element elementor-element-49e52603 elementor-section-content-middle elementor-section-boxed elementor-section-height-default elementor-section-height-default\" data-id=\"49e52603\" data-element_type=\"section\">\n\t\t\t\t\t\t<div class=\"elementor-container elementor-column-gap-wide\">\n\t\t\t\t\t<div class=\"elementor-column elementor-col-50 elementor-top-column elementor-element elementor-element-538bcfc1\" data-id=\"538bcfc1\" data-element_type=\"column\">\n\t\t\t<div class=\"elementor-widget-wrap elementor-element-populated\">\n\t\t\t\t\t\t<div class=\"elementor-element elementor-element-6467cd78 elementor-widget elementor-widget-image\" data-id=\"6467cd78\" data-element_type=\"widget\" data-widget_type=\"image.default\">\n\t\t\t\t<div class=\"elementor-widget-container\">\n\t\t\t\t\t\t\t\t\t\t\t\t\t\t\t<img decoding=\"async\" src=\"https:\/\/ucpinaret.com.tr\/wp-content\/uploads\/elementor\/thumbs\/Adsiz-tasarim-2025-05-22T163203.079-r66ptoizpm1xp2nti5orpeu089h5dqlneirn3awje0.png\" title=\"Ads\u0131z tasar\u0131m &#8211; 2025-05-22T163203.079\" alt=\"Ads\u0131z tasar\u0131m - 2025-05-22T163203.079\" loading=\"lazy\" \/>\t\t\t\t\t\t\t\t\t\t\t\t\t\t\t<\/div>\n\t\t\t\t<\/div>\n\t\t\t\t\t<\/div>\n\t\t<\/div>\n\t\t\t\t<div class=\"elementor-column elementor-col-50 elementor-top-column elementor-element elementor-element-5ea02e6e\" data-id=\"5ea02e6e\" data-element_type=\"column\">\n\t\t\t<div class=\"elementor-widget-wrap elementor-element-populated\">\n\t\t\t\t\t\t<div class=\"elementor-element elementor-element-f8cf132 wd-width-100 elementor-widget elementor-widget-wd_title\" data-id=\"f8cf132\" data-element_type=\"widget\" data-widget_type=\"wd_title.default\">\n\t\t\t\t<div class=\"elementor-widget-container\">\n\t\t\t\t\t\t\t\t<link rel=\"stylesheet\" id=\"wd-section-title-css\" href=\"https:\/\/ucpinaret.com.tr\/wp-content\/themes\/woodmart\/css\/parts\/el-section-title.min.css?ver=7.6.0\" type=\"text\/css\" media=\"all\" \/> \t\t\t\t\t<div class=\"title-wrapper set-mb-s reset-last-child wd-title-color-default wd-title-style-default wd-title-size-default text-left\">\n\n\t\t\t\n\t\t\t<div class=\"liner-continer\">\n\t\t\t\t<h4 class=\"woodmart-title-container title wd-fontsize-l\">Kurbanl\u0131k Sat\u0131\u015f\u0131<\/h4> \n\t\t\t\t\t\t\t<\/div>\n\n\t\t\t\t\t\t\t<div class=\"title-after_title set-cont-mb-s reset-last-child wd-fontsize-xs\">\n\t\t\t\t\t<p>Sekt\u00f6r\u00fcn \u00f6nc\u00fc ve g\u00fcvenilir firmas\u0131 \u00dc\u00e7 P\u0131nar \u00c7iftli\u011fi, et ve et \u00fcr\u00fcnlerinde t\u00fcketici beklentilerinin \u00fcst\u00fcnde hizmet ve kalitede, rekabete a\u00e7\u0131k ve en son yeniliklerden faydalanan insana sayg\u0131l\u0131 bir i\u015fletmedir.<\/p><p>Dana kesimlerimiz \u0130slami kurallara uygun olarak, hijyenik ortamda, rayl\u0131 sistemde, randevulu olarak yap\u0131lmaktad\u0131r. Kesilen Dana havada par\u00e7alara ayr\u0131l\u0131r, d\u0131\u015fk\u0131 hayvana hi\u00e7 bir \u015fekilde temas etmez, danan\u0131n derisi otomatik makine ile soyuldu\u011fu i\u00e7in, tek par\u00e7a ve hasars\u0131z bir \u015fekilde \u00e7\u0131kar\u0131l\u0131r.<\/p><p>Kesimlerimiz randevulu olarak yap\u0131ld\u0131\u011f\u0131ndan, hijyenik ve rayl\u0131 sistemde kesilen hayvanlar, belirlenen saatte kesilip karkas olarak kurban sahibine teslim edilir. Bunun neticesinde m\u00fc\u015fterilerimiz i\u00e7in \u00e7ok de\u011ferli olan zaman etkin bir \u015fekilde de\u011ferlendirilmektedir.\u00a0 \u00a0<\/p><p>Siz de\u011ferli m\u00fc\u015fterilerimizin g\u00fcveni ve memnuniyeti i\u00e7in hijyen, kalite ve h\u0131z konusunda elinden gelenin fazlas\u0131n\u0131 yapmaya \u00e7al\u0131\u015fan firmam\u0131z, ilke ve prensiplerinden \u00f6d\u00fcn vermeden \u00e7al\u0131\u015fmaya devam etmektedir.<\/p>\t\t\t\t<\/div>\n\t\t\t\t\t<\/div>\n\t\t\t\t\t\t<\/div>\n\t\t\t\t<\/div>\n\t\t\t\t\t<\/div>\n\t\t<\/div>\n\t\t\t\t\t<\/div>\n\t\t<\/section>\n\t\t\t\t<\/div>\n\t\t","protected":false},"excerpt":{"rendered":"<p>Kurbanl\u0131k Sat\u0131\u015f\u0131 Sekt\u00f6r\u00fcn \u00f6nc\u00fc ve g\u00fcvenilir firmas\u0131 \u00dc\u00e7 P\u0131nar \u00c7iftli\u011fi, et ve et \u00fcr\u00fcnlerinde t\u00fcketici beklentilerinin \u00fcst\u00fcnde hizmet ve kalitede,<\/p>\n","protected":false},"author":1,"featured_media":0,"parent":0,"menu_order":0,"comment_status":"closed","ping_status":"closed","template":"","meta":{"footnotes":""},"class_list":["post-27277","page","type-page","status-publish","hentry"],"_links":{"self":[{"href":"https:\/\/ucpinaret.com.tr\/index.php?rest_route=\/wp\/v2\/pages\/27277","targetHints":{"allow":["GET"]}}],"collection":[{"href":"https:\/\/ucpinaret.com.tr\/index.php?rest_route=\/wp\/v2\/pages"}],"about":[{"href":"https:\/\/ucpinaret.com.tr\/index.php?rest_route=\/wp\/v2\/types\/page"}],"author":[{"embeddable":true,"href":"https:\/\/ucpinaret.com.tr\/index.php?rest_route=\/wp\/v2\/users\/1"}],"replies":[{"embeddable":true,"href":"https:\/\/ucpinaret.com.tr\/index.php?rest_route=%2Fwp%2Fv2%2Fcomments&post=27277"}],"version-history":[{"count":4,"href":"https:\/\/ucpinaret.com.tr\/index.php?rest_route=\/wp\/v2\/pages\/27277\/revisions"}],"predecessor-version":[{"id":27284,"href":"https:\/\/ucpinaret.com.tr\/index.php?rest_route=\/wp\/v2\/pages\/27277\/revisions\/27284"}],"wp:attachment":[{"href":"https:\/\/ucpinaret.com.tr\/index.php?rest_route=%2Fwp%2Fv2%2Fmedia&parent=27277"}],"curies":[{"name":"wp","href":"https:\/\/api.w.org\/{rel}","templated":true}]}}