{"id":27300,"date":"2025-05-22T14:14:42","date_gmt":"2025-05-22T14:14:42","guid":{"rendered":"https:\/\/ucpinaret.com.tr\/?page_id=27300"},"modified":"2025-05-22T14:25:28","modified_gmt":"2025-05-22T14:25:28","slug":"afyon-buyukbas-besi-ciftligi","status":"publish","type":"page","link":"https:\/\/ucpinaret.com.tr\/?page_id=27300","title":{"rendered":"Afyon B\u00fcy\u00fckBa\u015f Besi \u00c7iftli\u011fi"},"content":{"rendered":"\t\t<div data-elementor-type=\"wp-page\" data-elementor-id=\"27300\" class=\"elementor elementor-27300\">\n\t\t\t\t\t\t<section class=\"wd-negative-gap elementor-section elementor-top-section elementor-element elementor-element-74a2a617 elementor-section-content-middle elementor-section-boxed elementor-section-height-default elementor-section-height-default\" data-id=\"74a2a617\" data-element_type=\"section\">\n\t\t\t\t\t\t<div class=\"elementor-container elementor-column-gap-wide\">\n\t\t\t\t\t<div class=\"elementor-column elementor-col-50 elementor-top-column elementor-element elementor-element-793bcb34\" data-id=\"793bcb34\" data-element_type=\"column\">\n\t\t\t<div class=\"elementor-widget-wrap elementor-element-populated\">\n\t\t\t\t\t\t<div class=\"elementor-element elementor-element-5d24edc9 elementor-widget elementor-widget-image\" data-id=\"5d24edc9\" data-element_type=\"widget\" data-widget_type=\"image.default\">\n\t\t\t\t<div class=\"elementor-widget-container\">\n\t\t\t\t\t\t\t\t\t\t\t\t\t\t\t<img decoding=\"async\" src=\"https:\/\/ucpinaret.com.tr\/wp-content\/uploads\/elementor\/thumbs\/Adsiz-tasarim-2025-05-22T172106.217-r66ryd6za112vt9spt01mk6swxi6cs1ay2spkz79rc.png\" title=\"Ads\u0131z tasar\u0131m &#8211; 2025-05-22T172106.217\" alt=\"Ads\u0131z tasar\u0131m - 2025-05-22T172106.217\" loading=\"lazy\" \/>\t\t\t\t\t\t\t\t\t\t\t\t\t\t\t<\/div>\n\t\t\t\t<\/div>\n\t\t\t\t\t<\/div>\n\t\t<\/div>\n\t\t\t\t<div class=\"elementor-column elementor-col-50 elementor-top-column elementor-element elementor-element-4ce42219\" data-id=\"4ce42219\" data-element_type=\"column\">\n\t\t\t<div class=\"elementor-widget-wrap elementor-element-populated\">\n\t\t\t\t\t\t<div class=\"elementor-element elementor-element-43a109f7 wd-width-100 elementor-widget elementor-widget-wd_title\" data-id=\"43a109f7\" data-element_type=\"widget\" data-widget_type=\"wd_title.default\">\n\t\t\t\t<div class=\"elementor-widget-container\">\n\t\t\t\t\t\t\t\t<link rel=\"stylesheet\" id=\"wd-section-title-css\" href=\"https:\/\/ucpinaret.com.tr\/wp-content\/themes\/woodmart\/css\/parts\/el-section-title.min.css?ver=7.6.0\" type=\"text\/css\" media=\"all\" \/> \t\t\t\t\t<div class=\"title-wrapper set-mb-s reset-last-child wd-title-color-default wd-title-style-default wd-title-size-default text-left\">\n\n\t\t\t\n\t\t\t<div class=\"liner-continer\">\n\t\t\t\t<h4 class=\"woodmart-title-container title wd-fontsize-l\">B\u00fcy\u00fckBa\u015f Besi \u00c7ifti\u011fi<\/h4> \n\t\t\t\t\t\t\t<\/div>\n\n\t\t\t\t\t\t\t<div class=\"title-after_title set-cont-mb-s reset-last-child wd-fontsize-xs\">\n\t\t\t\t\t<p>Kurban Bayram\u0131 yakla\u015f\u0131rken,\u00a0Afyon Kurbanl\u0131k\u00a0aray\u0131\u015f\u0131nda olanlar i\u00e7in sa\u011fl\u0131kl\u0131, besili ve g\u00fcvenilir b\u00fcy\u00fckba\u015f hayvan se\u00e7imi b\u00fcy\u00fck \u00f6nem ta\u015f\u0131r.\u00a0Afyon Canl\u0131 Hayvan Al\u0131m Sat\u0131m\u0131\u00a0yapan \u00e7iftlikler, hijyenik ko\u015fullarda beslenen b\u00fcy\u00fckba\u015f hayvanlar\u0131 m\u00fc\u015fterilerine sunarak, kurban ibadetinin en iyi \u015fekilde yerine getirilmesine yard\u0131mc\u0131 olmaktad\u0131r.<\/p><p>E\u011fer\u00a0Afyon Kurbanl\u0131k Al\u0131m Sat\u0131m\u0131\u00a0i\u00e7in sa\u011fl\u0131kl\u0131 ve besili b\u00fcy\u00fckba\u015f hayvanlar\u0131 tercih etmek istiyorsan\u0131z, profesyonel besicilik yapan g\u00fcvenilir \u00e7iftliklerden al\u0131m yapman\u0131z gerekmektedir.<\/p><p>G\u00fcvenli kaliteli\u00a0 kurbanl\u0131klar\u0131n\u0131z i\u00e7in bize ula\u015f\u0131n.<\/p>\t\t\t\t<\/div>\n\t\t\t\t\t<\/div>\n\t\t\t\t\t\t<\/div>\n\t\t\t\t<\/div>\n\t\t\t\t\t<\/div>\n\t\t<\/div>\n\t\t\t\t\t<\/div>\n\t\t<\/section>\n\t\t\t\t<\/div>\n\t\t","protected":false},"excerpt":{"rendered":"<p>B\u00fcy\u00fckBa\u015f Besi \u00c7ifti\u011fi Kurban Bayram\u0131 yakla\u015f\u0131rken,\u00a0Afyon Kurbanl\u0131k\u00a0aray\u0131\u015f\u0131nda olanlar i\u00e7in sa\u011fl\u0131kl\u0131, besili ve g\u00fcvenilir b\u00fcy\u00fckba\u015f hayvan se\u00e7imi b\u00fcy\u00fck \u00f6nem ta\u015f\u0131r.\u00a0Afyon Canl\u0131<\/p>\n","protected":false},"author":1,"featured_media":0,"parent":0,"menu_order":0,"comment_status":"closed","ping_status":"closed","template":"","meta":{"footnotes":""},"class_list":["post-27300","page","type-page","status-publish","hentry"],"_links":{"self":[{"href":"https:\/\/ucpinaret.com.tr\/index.php?rest_route=\/wp\/v2\/pages\/27300","targetHints":{"allow":["GET"]}}],"collection":[{"href":"https:\/\/ucpinaret.com.tr\/index.php?rest_route=\/wp\/v2\/pages"}],"about":[{"href":"https:\/\/ucpinaret.com.tr\/index.php?rest_route=\/wp\/v2\/types\/page"}],"author":[{"embeddable":true,"href":"https:\/\/ucpinaret.com.tr\/index.php?rest_route=\/wp\/v2\/users\/1"}],"replies":[{"embeddable":true,"href":"https:\/\/ucpinaret.com.tr\/index.php?rest_route=%2Fwp%2Fv2%2Fcomments&post=27300"}],"version-history":[{"count":4,"href":"https:\/\/ucpinaret.com.tr\/index.php?rest_route=\/wp\/v2\/pages\/27300\/revisions"}],"predecessor-version":[{"id":27306,"href":"https:\/\/ucpinaret.com.tr\/index.php?rest_route=\/wp\/v2\/pages\/27300\/revisions\/27306"}],"wp:attachment":[{"href":"https:\/\/ucpinaret.com.tr\/index.php?rest_route=%2Fwp%2Fv2%2Fmedia&parent=27300"}],"curies":[{"name":"wp","href":"https:\/\/api.w.org\/{rel}","templated":true}]}}